{"id":32,"date":"2023-08-08T14:42:22","date_gmt":"2023-08-08T12:42:22","guid":{"rendered":"http:\/\/praxis-schwab.de\/?page_id=32"},"modified":"2023-08-08T23:27:59","modified_gmt":"2023-08-08T21:27:59","slug":"anfahrt","status":"publish","type":"page","link":"http:\/\/praxis-schwab.de\/?page_id=32","title":{"rendered":"Anfahrt"},"content":{"rendered":"\n<p>Arztpraxis Hatice Schwab<br>Clayallee 225<br>14195 Berlin<\/p>\n\n\n\n<p><\/p>\n\n\n\n<p>Die Praxis befindet sich auf dem Campus des Gesundheitsstandorts \u201e<strong>eins-alles f\u00fcr die Gesundheit<\/strong>\u201c (http:\/\/www.das-eins.com\/) <strong>Standort des ehemaligen Oskar-Helene-Heims<\/strong>.<\/p>\n\n\n\n<p>Sie finden uns im <strong>2. Obergeschoss <\/strong>im Hauptgeb\u00e4ude direkt an der<br>Clayallee neben der U-Bahn Station \u201eOskar-Helene-Heim\u201c, in s\u00fcdlicher<br>Richtung im <strong>Haus Nr.225 <\/strong>(<strong>Eingang bei der B\u00e4ren-Apotheke<\/strong>).<br><br>\u00d6ffentliche Tiefgarage mit Direktzugang zu den Fahrst\u00fchlen.<br>Verkehrsanbindung:<br>BVG Linie U3, U-Bahn Station \u201eOskar-Helene-Heim\u201c<br>Buslinien (X10, 110, 115, 285, 623)<\/p>\n\n\n\n<p><a href=\"https:\/\/www.google.com\/maps\/embed?pb=!1m18!1m12!1m3!1d2431.6254672297914!2d13.266925376676834!3d52.4496990720429!2m3!1f0!2f0!3f0!3m2!1i1024!2i768!4f13.1!3m3!1m2!1s0x47a8598880c11a57%3A0xccb44590994c9b9d!2sArztpraxis%20Hatice%20Schwab!5e0!3m2!1sde!2sde!4v1691498239294!5m2!1sde!2sde\">Google Maps<\/a><\/p>\n\n\n\n<p><\/p>\n","protected":false},"excerpt":{"rendered":"<p>Arztpraxis Hatice SchwabClayallee 22514195 Berlin Die Praxis befindet sich auf dem Campus des Gesundheitsstandorts \u201eeins-alles f\u00fcr die Gesundheit\u201c (http:\/\/www.das-eins.com\/) Standort des ehemaligen Oskar-Helene-Heims. Sie finden uns im 2. Obergeschoss im Hauptgeb\u00e4ude direkt an derClayallee neben der U-Bahn Station \u201eOskar-Helene-Heim\u201c, in s\u00fcdlicherRichtung im Haus Nr.225 (Eingang bei der B\u00e4ren-Apotheke). \u00d6ffentliche Tiefgarage mit Direktzugang zu den Fahrst\u00fchlen.Verkehrsanbindung:BVG [&hellip;]<\/p>\n","protected":false},"author":1,"featured_media":0,"parent":0,"menu_order":0,"comment_status":"closed","ping_status":"closed","template":"","meta":{"footnotes":""},"class_list":["post-32","page","type-page","status-publish","hentry"],"_links":{"self":[{"href":"http:\/\/praxis-schwab.de\/index.php?rest_route=\/wp\/v2\/pages\/32","targetHints":{"allow":["GET"]}}],"collection":[{"href":"http:\/\/praxis-schwab.de\/index.php?rest_route=\/wp\/v2\/pages"}],"about":[{"href":"http:\/\/praxis-schwab.de\/index.php?rest_route=\/wp\/v2\/types\/page"}],"author":[{"embeddable":true,"href":"http:\/\/praxis-schwab.de\/index.php?rest_route=\/wp\/v2\/users\/1"}],"replies":[{"embeddable":true,"href":"http:\/\/praxis-schwab.de\/index.php?rest_route=%2Fwp%2Fv2%2Fcomments&post=32"}],"version-history":[{"count":9,"href":"http:\/\/praxis-schwab.de\/index.php?rest_route=\/wp\/v2\/pages\/32\/revisions"}],"predecessor-version":[{"id":797,"href":"http:\/\/praxis-schwab.de\/index.php?rest_route=\/wp\/v2\/pages\/32\/revisions\/797"}],"wp:attachment":[{"href":"http:\/\/praxis-schwab.de\/index.php?rest_route=%2Fwp%2Fv2%2Fmedia&parent=32"}],"curies":[{"name":"wp","href":"https:\/\/api.w.org\/{rel}","templated":true}]}}