{"id":12,"date":"2023-08-07T14:37:10","date_gmt":"2023-08-07T12:37:10","guid":{"rendered":"http:\/\/praxis-schwab.de\/?page_id=12"},"modified":"2023-08-08T23:25:59","modified_gmt":"2023-08-08T21:25:59","slug":"impressum","status":"publish","type":"page","link":"http:\/\/praxis-schwab.de\/?page_id=12","title":{"rendered":"Impressum"},"content":{"rendered":"\n<div class=\"wp-block-columns is-layout-flex wp-container-core-columns-is-layout-28f84493 wp-block-columns-is-layout-flex\">\n<div class=\"wp-block-column is-layout-flow wp-block-column-is-layout-flow\" style=\"flex-basis:33.33%\"><\/div>\n\n\n\n<div class=\"wp-block-column is-layout-flow wp-block-column-is-layout-flow\" style=\"flex-basis:66.66%\">\n<p><strong>Anbieterkennzeichnung nach \u00a7\u00a7 6 TDG, 10 MDStV<\/strong><\/p>\n\n\n\n<p><strong>Verantwortlich<\/strong><br>Hatice Schwab<br>Clayallee 225<br>14195 Berlin<br>Tel.: 030 \u2013 862 031 31<br>Fax: 030 \u2013 862 031 32<br>E-Mail: info@praxis-schwab.de<\/p>\n\n\n\n<p><strong>Berufsbezeichnung<\/strong><br>Arzt (verliehen in der Bunderepublik Deutschland)<\/p>\n\n\n\n<p><strong>Zust\u00e4ndige Kassen\u00e4rztliche Vereinigung<\/strong><br>Kassen\u00e4rztliche Vereinigung Berlin<br>Masurenallee 6 A<br>14057 Berlin <br>Web: <a href=\"http:\/\/www.kvberlin.de\/\">www.kvberlin.de<\/a><br><br><strong>Zust\u00e4ndige Aufsichtsbeh\u00f6rde<\/strong><br>\u00c4rztekammer Berlin<br>Friedrichstra\u00dfe 16<br>10969 Berlin<br><strong><br>Berufsrechtliche Regelungen<\/strong><br>Berufsordnung der \u00c4rztekammer Berlin<br><br>Die Berufsordnung der zust\u00e4ndigen Aufsichtsbeh\u00f6rde finden Sie auf der Homepage der \u00c4rztekammer Berlin&nbsp;<a href=\"http:\/\/www.aerztekammer-berlin.de\/\">www.aerztekammer-berlin.de<\/a><\/p>\n\n\n\n<p><strong>Datenschutzkontakt<\/strong><br>E-Mail: info@praxis-schwab.de<\/p>\n\n\n\n<p><strong>Mitgliedschaften<\/strong><br>\u00c4rztekammer Berlin<br>Deutsche Gesellschaft f\u00fcr Innere Medizin (DGIM)<\/p>\n\n\n\n<p><\/p>\n\n\n\n<div class=\"wp-block-columns is-layout-flex wp-container-core-columns-is-layout-28f84493 wp-block-columns-is-layout-flex\">\n<div class=\"wp-block-column is-layout-flow wp-block-column-is-layout-flow\"><\/div>\n<\/div>\n<\/div>\n<\/div>\n\n\n\n<p><\/p>\n","protected":false},"excerpt":{"rendered":"<p>Anbieterkennzeichnung nach \u00a7\u00a7 6 TDG, 10 MDStV VerantwortlichHatice SchwabClayallee 22514195 BerlinTel.: 030 \u2013 862 031 31Fax: 030 \u2013 862 031 32E-Mail: info@praxis-schwab.de BerufsbezeichnungArzt (verliehen in der Bunderepublik Deutschland) Zust\u00e4ndige Kassen\u00e4rztliche VereinigungKassen\u00e4rztliche Vereinigung BerlinMasurenallee 6 A14057 Berlin Web: www.kvberlin.de Zust\u00e4ndige Aufsichtsbeh\u00f6rde\u00c4rztekammer BerlinFriedrichstra\u00dfe 1610969 BerlinBerufsrechtliche RegelungenBerufsordnung der \u00c4rztekammer Berlin Die Berufsordnung der zust\u00e4ndigen Aufsichtsbeh\u00f6rde finden Sie auf [&hellip;]<\/p>\n","protected":false},"author":1,"featured_media":0,"parent":0,"menu_order":0,"comment_status":"closed","ping_status":"closed","template":"","meta":{"footnotes":""},"class_list":["post-12","page","type-page","status-publish","hentry"],"_links":{"self":[{"href":"http:\/\/praxis-schwab.de\/index.php?rest_route=\/wp\/v2\/pages\/12","targetHints":{"allow":["GET"]}}],"collection":[{"href":"http:\/\/praxis-schwab.de\/index.php?rest_route=\/wp\/v2\/pages"}],"about":[{"href":"http:\/\/praxis-schwab.de\/index.php?rest_route=\/wp\/v2\/types\/page"}],"author":[{"embeddable":true,"href":"http:\/\/praxis-schwab.de\/index.php?rest_route=\/wp\/v2\/users\/1"}],"replies":[{"embeddable":true,"href":"http:\/\/praxis-schwab.de\/index.php?rest_route=%2Fwp%2Fv2%2Fcomments&post=12"}],"version-history":[{"count":12,"href":"http:\/\/praxis-schwab.de\/index.php?rest_route=\/wp\/v2\/pages\/12\/revisions"}],"predecessor-version":[{"id":795,"href":"http:\/\/praxis-schwab.de\/index.php?rest_route=\/wp\/v2\/pages\/12\/revisions\/795"}],"wp:attachment":[{"href":"http:\/\/praxis-schwab.de\/index.php?rest_route=%2Fwp%2Fv2%2Fmedia&parent=12"}],"curies":[{"name":"wp","href":"https:\/\/api.w.org\/{rel}","templated":true}]}}